{"id":611,"date":"2017-06-29T18:02:50","date_gmt":"2017-06-29T18:02:50","guid":{"rendered":"http:\/\/www.snec.coop.py\/?page_id=611"},"modified":"2024-02-22T14:38:38","modified_gmt":"2024-02-22T14:38:38","slug":"recursos","status":"publish","type":"page","link":"https:\/\/www.snec.coop.py\/?page_id=611","title":{"rendered":"Recursos"},"content":{"rendered":"\t\t<div data-elementor-type=\"wp-post\" data-elementor-id=\"611\" class=\"elementor elementor-611\">\n\t\t\t\t\t\t\t\t\t<section class=\"elementor-section elementor-top-section elementor-element elementor-element-653f68aa elementor-section-boxed elementor-section-height-default elementor-section-height-default\" data-id=\"653f68aa\" data-element_type=\"section\">\n\t\t\t\t\t\t<div class=\"elementor-container elementor-column-gap-default\">\n\t\t\t\t\t<div class=\"elementor-column elementor-col-100 elementor-top-column elementor-element elementor-element-186e11d6\" data-id=\"186e11d6\" data-element_type=\"column\">\n\t\t\t<div class=\"elementor-widget-wrap elementor-element-populated\">\n\t\t\t\t\t\t\t\t<div class=\"elementor-element elementor-element-57ab3668 elementor-widget elementor-widget-text-editor\" data-id=\"57ab3668\" data-element_type=\"widget\" data-widget_type=\"text-editor.default\">\n\t\t\t\t<div class=\"elementor-widget-container\">\n\t\t\t\t\t\t\t<h4><img fetchpriority=\"high\" decoding=\"async\" class=\"alignleft size-medium wp-image-760\" src=\"https:\/\/snec.coop.py\/web\/wp-content\/uploads\/2017\/06\/recursos-300x196.png\" alt=\"\" width=\"300\" height=\"196\" srcset=\"https:\/\/www.snec.coop.py\/wp-content\/uploads\/2017\/06\/recursos-300x196.png 300w, https:\/\/www.snec.coop.py\/wp-content\/uploads\/2017\/06\/recursos-150x98.png 150w, https:\/\/www.snec.coop.py\/wp-content\/uploads\/2017\/06\/recursos.png 600w\" sizes=\"(max-width: 300px) 100vw, 300px\" \/>Normas y estructuras claras para la formaci\u00f3n.<br \/>El SNEC, le ofrece el acceso a una gran variedad de recursos electr\u00f3nicos, que son claves para obtener informaci\u00f3n precisa acerca de:<\/h4><ul><li><h4><span style=\"color: #339966;\"><a href=\"https:\/\/www.snec.coop.py\/wp-content\/uploads\/2017\/06\/7-SNEC-2-Planificacion-curricular.pdf\">Planificaci\u00f3n curricular<\/a>\u00a0(Descargar)<\/span><\/h4><\/li><li><h4><span style=\"color: #339966;\"><a href=\"https:\/\/www.snec.coop.py\/wp-content\/uploads\/2017\/09\/6-SNEC-1-Normalizaci\u00f3n-de-competencia-CA-JV-G.pdf\">Normalizaci\u00f3n de competencias<\/a>\u00a0(Descargar)<\/span><\/h4><\/li><li><h4><span style=\"color: #339966;\"><a href=\"https:\/\/www.snec.coop.py\/wp-content\/uploads\/2017\/09\/Principios-did\u00e1cticos-del-SNEC.pdf\">Principios did\u00e1cticos del SNEC<\/a>\u00a0(Descargar)<\/span><\/h4><\/li><li style=\"text-align: left;\"><h4><span style=\"color: #339966;\">Planificaci\u00f3n de cursos.<\/span><\/h4><\/li><\/ul>\t\t\t\t\t\t<\/div>\n\t\t\t\t<\/div>\n\t\t\t\t\t<\/div>\n\t\t<\/div>\n\t\t\t\t\t\t\t<\/div>\n\t\t<\/section>\n\t\t\t\t\t\t\t<\/div>\n\t\t","protected":false},"excerpt":{"rendered":"<p>Normas y estructuras claras para la formaci\u00f3n.El SNEC, le ofrece el acceso a una gran variedad de recursos electr\u00f3nicos, que son claves para obtener informaci\u00f3n precisa acerca de: Planificaci\u00f3n curricular\u00a0(Descargar) Normalizaci\u00f3n de competencias\u00a0(Descargar) Principios did\u00e1cticos del SNEC\u00a0(Descargar) Planificaci\u00f3n de cursos.<\/p>\n<p> <a class=\"continue-reading-link\" href=\"https:\/\/www.snec.coop.py\/?page_id=611\"><span>Continue reading<\/span><i class=\"crycon-right-dir\"><\/i><\/a> <\/p>\n","protected":false},"author":1,"featured_media":0,"parent":0,"menu_order":0,"comment_status":"closed","ping_status":"closed","template":"","meta":{"footnotes":"","_mc_calendar":[]},"_links":{"self":[{"href":"https:\/\/www.snec.coop.py\/index.php?rest_route=\/wp\/v2\/pages\/611"}],"collection":[{"href":"https:\/\/www.snec.coop.py\/index.php?rest_route=\/wp\/v2\/pages"}],"about":[{"href":"https:\/\/www.snec.coop.py\/index.php?rest_route=\/wp\/v2\/types\/page"}],"author":[{"embeddable":true,"href":"https:\/\/www.snec.coop.py\/index.php?rest_route=\/wp\/v2\/users\/1"}],"replies":[{"embeddable":true,"href":"https:\/\/www.snec.coop.py\/index.php?rest_route=%2Fwp%2Fv2%2Fcomments&post=611"}],"version-history":[{"count":16,"href":"https:\/\/www.snec.coop.py\/index.php?rest_route=\/wp\/v2\/pages\/611\/revisions"}],"predecessor-version":[{"id":2475,"href":"https:\/\/www.snec.coop.py\/index.php?rest_route=\/wp\/v2\/pages\/611\/revisions\/2475"}],"wp:attachment":[{"href":"https:\/\/www.snec.coop.py\/index.php?rest_route=%2Fwp%2Fv2%2Fmedia&parent=611"}],"curies":[{"name":"wp","href":"https:\/\/api.w.org\/{rel}","templated":true}]}}